{"id":12,"date":"2023-04-01T20:50:56","date_gmt":"2023-04-01T18:50:56","guid":{"rendered":"https:\/\/schoorpaysagiste.ch\/?page_id=12"},"modified":"2023-04-02T21:52:19","modified_gmt":"2023-04-02T19:52:19","slug":"accueil","status":"publish","type":"page","link":"https:\/\/schoorpaysagiste.ch\/","title":{"rendered":"Accueil"},"content":{"rendered":"\t\t<div data-elementor-type=\"wp-page\" data-elementor-id=\"12\" class=\"elementor elementor-12\">\n\t\t\t\t\t\t\t\t\t<section class=\"elementor-section elementor-top-section elementor-element elementor-element-26eba04 elementor-section-full_width elementor-section-height-default elementor-section-height-default\" data-id=\"26eba04\" data-element_type=\"section\">\n\t\t\t\t\t\t<div class=\"elementor-container elementor-column-gap-default\">\n\t\t\t\t\t<div class=\"elementor-column elementor-col-100 elementor-top-column elementor-element elementor-element-7b1dc20\" data-id=\"7b1dc20\" data-element_type=\"column\">\n\t\t\t<div class=\"elementor-widget-wrap elementor-element-populated\">\n\t\t\t\t\t\t\t\t<div class=\"elementor-element elementor-element-fd3fdaa elementor-widget elementor-widget-image\" data-id=\"fd3fdaa\" data-element_type=\"widget\" data-widget_type=\"image.default\">\n\t\t\t\t<div class=\"elementor-widget-container\">\n\t\t\t<style>\/*! elementor - v3.12.1 - 02-04-2023 *\/\n.elementor-widget-image{text-align:center}.elementor-widget-image a{display:inline-block}.elementor-widget-image a img[src$=\".svg\"]{width:48px}.elementor-widget-image img{vertical-align:middle;display:inline-block}<\/style>\t\t\t\t\t\t\t\t\t\t\t\t<img decoding=\"async\" width=\"1024\" height=\"411\" src=\"https:\/\/schoorpaysagiste.ch\/wp-content\/uploads\/2023\/04\/dahlias-1024x411-1.jpg\" class=\"attachment-large size-large wp-image-34\" alt=\"\" loading=\"lazy\" srcset=\"https:\/\/schoorpaysagiste.ch\/wp-content\/uploads\/2023\/04\/dahlias-1024x411-1.jpg 1024w, https:\/\/schoorpaysagiste.ch\/wp-content\/uploads\/2023\/04\/dahlias-1024x411-1-300x120.jpg 300w, https:\/\/schoorpaysagiste.ch\/wp-content\/uploads\/2023\/04\/dahlias-1024x411-1-768x308.jpg 768w\" sizes=\"(max-width: 1024px) 100vw, 1024px\" \/>\t\t\t\t\t\t\t\t\t\t\t\t\t\t\t<\/div>\n\t\t\t\t<\/div>\n\t\t\t\t\t<\/div>\n\t\t<\/div>\n\t\t\t\t\t\t\t<\/div>\n\t\t<\/section>\n\t\t\t\t<section class=\"elementor-section elementor-top-section elementor-element elementor-element-63e5c98 elementor-section-boxed elementor-section-height-default elementor-section-height-default\" data-id=\"63e5c98\" data-element_type=\"section\">\n\t\t\t\t\t\t<div class=\"elementor-container elementor-column-gap-default\">\n\t\t\t\t\t<div class=\"elementor-column elementor-col-100 elementor-top-column elementor-element elementor-element-1e07678\" data-id=\"1e07678\" data-element_type=\"column\">\n\t\t\t<div class=\"elementor-widget-wrap elementor-element-populated\">\n\t\t\t\t\t\t\t\t<div class=\"elementor-element elementor-element-715ebc0 elementor-widget elementor-widget-text-editor\" data-id=\"715ebc0\" data-element_type=\"widget\" data-widget_type=\"text-editor.default\">\n\t\t\t\t<div class=\"elementor-widget-container\">\n\t\t\t<style>\/*! elementor - v3.12.1 - 02-04-2023 *\/\n.elementor-widget-text-editor.elementor-drop-cap-view-stacked .elementor-drop-cap{background-color:#69727d;color:#fff}.elementor-widget-text-editor.elementor-drop-cap-view-framed .elementor-drop-cap{color:#69727d;border:3px solid;background-color:transparent}.elementor-widget-text-editor:not(.elementor-drop-cap-view-default) .elementor-drop-cap{margin-top:8px}.elementor-widget-text-editor:not(.elementor-drop-cap-view-default) .elementor-drop-cap-letter{width:1em;height:1em}.elementor-widget-text-editor .elementor-drop-cap{float:left;text-align:center;line-height:1;font-size:50px}.elementor-widget-text-editor .elementor-drop-cap-letter{display:inline-block}<\/style>\t\t\t\t<p style=\"text-align: center;\"><em>Votre paysagiste Neuch\u00e2telois!<\/em><\/p>\t\t\t\t\t\t<\/div>\n\t\t\t\t<\/div>\n\t\t\t\t\t<\/div>\n\t\t<\/div>\n\t\t\t\t\t\t\t<\/div>\n\t\t<\/section>\n\t\t\t\t\t\t\t<\/div>\n\t\t","protected":false},"excerpt":{"rendered":"<p>Votre paysagiste Neuch\u00e2telois!<\/p>\n","protected":false},"author":1,"featured_media":0,"parent":0,"menu_order":0,"comment_status":"closed","ping_status":"closed","template":"","meta":[],"yoast_head":"<!-- This site is optimized with the Yoast SEO plugin v20.4 - https:\/\/yoast.com\/wordpress\/plugins\/seo\/ -->\n<title>Schoor Paysagiste | La T\u00e8ne<\/title>\n<meta name=\"description\" content=\"Vous cherchez un paysagiste comp\u00e9tant dans la r\u00e9gion de Neuch\u00e2tel?\" \/>\n<meta name=\"robots\" content=\"index, follow, max-snippet:-1, max-image-preview:large, max-video-preview:-1\" \/>\n<link rel=\"canonical\" href=\"https:\/\/schoorpaysagiste.ch\/\" \/>\n<meta property=\"og:locale\" content=\"en_US\" \/>\n<meta property=\"og:type\" content=\"article\" \/>\n<meta property=\"og:title\" content=\"Schoor Paysagiste | La T\u00e8ne\" \/>\n<meta property=\"og:description\" content=\"Vous cherchez un paysagiste comp\u00e9tant dans la r\u00e9gion de Neuch\u00e2tel?\" \/>\n<meta property=\"og:url\" content=\"https:\/\/schoorpaysagiste.ch\/\" \/>\n<meta property=\"og:site_name\" content=\"schoorpaysagiste.ch\" \/>\n<meta property=\"article:modified_time\" content=\"2023-04-02T19:52:19+00:00\" \/>\n<meta property=\"og:image\" content=\"http:\/\/schoorpaysagiste.ch\/wp-content\/uploads\/2023\/04\/dahlias-1024x411-1.jpg\" \/>\n<meta name=\"twitter:card\" content=\"summary_large_image\" \/>\n<meta name=\"twitter:label1\" content=\"Est. reading time\" \/>\n\t<meta name=\"twitter:data1\" content=\"1 minute\" \/>\n<script type=\"application\/ld+json\" class=\"yoast-schema-graph\">{\"@context\":\"https:\/\/schema.org\",\"@graph\":[{\"@type\":\"WebPage\",\"@id\":\"https:\/\/schoorpaysagiste.ch\/\",\"url\":\"https:\/\/schoorpaysagiste.ch\/\",\"name\":\"Schoor Paysagiste | La T\u00e8ne\",\"isPartOf\":{\"@id\":\"https:\/\/schoorpaysagiste.ch\/#website\"},\"datePublished\":\"2023-04-01T18:50:56+00:00\",\"dateModified\":\"2023-04-02T19:52:19+00:00\",\"description\":\"Vous cherchez un paysagiste comp\u00e9tant dans la r\u00e9gion de Neuch\u00e2tel?\",\"breadcrumb\":{\"@id\":\"https:\/\/schoorpaysagiste.ch\/#breadcrumb\"},\"inLanguage\":\"en-US\",\"potentialAction\":[{\"@type\":\"ReadAction\",\"target\":[\"https:\/\/schoorpaysagiste.ch\/\"]}]},{\"@type\":\"BreadcrumbList\",\"@id\":\"https:\/\/schoorpaysagiste.ch\/#breadcrumb\",\"itemListElement\":[{\"@type\":\"ListItem\",\"position\":1,\"name\":\"Accueil\",\"item\":\"https:\/\/schoorpaysagiste.ch\/\"},{\"@type\":\"ListItem\",\"position\":2,\"name\":\"Accueil\"}]},{\"@type\":\"WebSite\",\"@id\":\"https:\/\/schoorpaysagiste.ch\/#website\",\"url\":\"https:\/\/schoorpaysagiste.ch\/\",\"name\":\"schoorpaysagiste.ch\",\"description\":\"\",\"publisher\":{\"@id\":\"https:\/\/schoorpaysagiste.ch\/#organization\"},\"potentialAction\":[{\"@type\":\"SearchAction\",\"target\":{\"@type\":\"EntryPoint\",\"urlTemplate\":\"https:\/\/schoorpaysagiste.ch\/?s={search_term_string}\"},\"query-input\":\"required name=search_term_string\"}],\"inLanguage\":\"en-US\"},{\"@type\":\"Organization\",\"@id\":\"https:\/\/schoorpaysagiste.ch\/#organization\",\"name\":\"schoorpaysagiste.ch\",\"url\":\"https:\/\/schoorpaysagiste.ch\/\",\"logo\":{\"@type\":\"ImageObject\",\"inLanguage\":\"en-US\",\"@id\":\"https:\/\/schoorpaysagiste.ch\/#\/schema\/logo\/image\/\",\"url\":\"https:\/\/schoorpaysagiste.ch\/wp-content\/uploads\/2023\/04\/cropped-cropped-cropped-logo2-1-1.png\",\"contentUrl\":\"https:\/\/schoorpaysagiste.ch\/wp-content\/uploads\/2023\/04\/cropped-cropped-cropped-logo2-1-1.png\",\"width\":446,\"height\":110,\"caption\":\"schoorpaysagiste.ch\"},\"image\":{\"@id\":\"https:\/\/schoorpaysagiste.ch\/#\/schema\/logo\/image\/\"}}]}<\/script>\n<!-- \/ Yoast SEO plugin. -->","yoast_head_json":{"title":"Schoor Paysagiste | La T\u00e8ne","description":"Vous cherchez un paysagiste comp\u00e9tant dans la r\u00e9gion de Neuch\u00e2tel?","robots":{"index":"index","follow":"follow","max-snippet":"max-snippet:-1","max-image-preview":"max-image-preview:large","max-video-preview":"max-video-preview:-1"},"canonical":"https:\/\/schoorpaysagiste.ch\/","og_locale":"en_US","og_type":"article","og_title":"Schoor Paysagiste | La T\u00e8ne","og_description":"Vous cherchez un paysagiste comp\u00e9tant dans la r\u00e9gion de Neuch\u00e2tel?","og_url":"https:\/\/schoorpaysagiste.ch\/","og_site_name":"schoorpaysagiste.ch","article_modified_time":"2023-04-02T19:52:19+00:00","og_image":[{"url":"http:\/\/schoorpaysagiste.ch\/wp-content\/uploads\/2023\/04\/dahlias-1024x411-1.jpg"}],"twitter_card":"summary_large_image","twitter_misc":{"Est. reading time":"1 minute"},"schema":{"@context":"https:\/\/schema.org","@graph":[{"@type":"WebPage","@id":"https:\/\/schoorpaysagiste.ch\/","url":"https:\/\/schoorpaysagiste.ch\/","name":"Schoor Paysagiste | La T\u00e8ne","isPartOf":{"@id":"https:\/\/schoorpaysagiste.ch\/#website"},"datePublished":"2023-04-01T18:50:56+00:00","dateModified":"2023-04-02T19:52:19+00:00","description":"Vous cherchez un paysagiste comp\u00e9tant dans la r\u00e9gion de Neuch\u00e2tel?","breadcrumb":{"@id":"https:\/\/schoorpaysagiste.ch\/#breadcrumb"},"inLanguage":"en-US","potentialAction":[{"@type":"ReadAction","target":["https:\/\/schoorpaysagiste.ch\/"]}]},{"@type":"BreadcrumbList","@id":"https:\/\/schoorpaysagiste.ch\/#breadcrumb","itemListElement":[{"@type":"ListItem","position":1,"name":"Accueil","item":"https:\/\/schoorpaysagiste.ch\/"},{"@type":"ListItem","position":2,"name":"Accueil"}]},{"@type":"WebSite","@id":"https:\/\/schoorpaysagiste.ch\/#website","url":"https:\/\/schoorpaysagiste.ch\/","name":"schoorpaysagiste.ch","description":"","publisher":{"@id":"https:\/\/schoorpaysagiste.ch\/#organization"},"potentialAction":[{"@type":"SearchAction","target":{"@type":"EntryPoint","urlTemplate":"https:\/\/schoorpaysagiste.ch\/?s={search_term_string}"},"query-input":"required name=search_term_string"}],"inLanguage":"en-US"},{"@type":"Organization","@id":"https:\/\/schoorpaysagiste.ch\/#organization","name":"schoorpaysagiste.ch","url":"https:\/\/schoorpaysagiste.ch\/","logo":{"@type":"ImageObject","inLanguage":"en-US","@id":"https:\/\/schoorpaysagiste.ch\/#\/schema\/logo\/image\/","url":"https:\/\/schoorpaysagiste.ch\/wp-content\/uploads\/2023\/04\/cropped-cropped-cropped-logo2-1-1.png","contentUrl":"https:\/\/schoorpaysagiste.ch\/wp-content\/uploads\/2023\/04\/cropped-cropped-cropped-logo2-1-1.png","width":446,"height":110,"caption":"schoorpaysagiste.ch"},"image":{"@id":"https:\/\/schoorpaysagiste.ch\/#\/schema\/logo\/image\/"}}]}},"_links":{"self":[{"href":"https:\/\/schoorpaysagiste.ch\/index.php?rest_route=\/wp\/v2\/pages\/12"}],"collection":[{"href":"https:\/\/schoorpaysagiste.ch\/index.php?rest_route=\/wp\/v2\/pages"}],"about":[{"href":"https:\/\/schoorpaysagiste.ch\/index.php?rest_route=\/wp\/v2\/types\/page"}],"author":[{"embeddable":true,"href":"https:\/\/schoorpaysagiste.ch\/index.php?rest_route=\/wp\/v2\/users\/1"}],"replies":[{"embeddable":true,"href":"https:\/\/schoorpaysagiste.ch\/index.php?rest_route=%2Fwp%2Fv2%2Fcomments&post=12"}],"version-history":[{"count":32,"href":"https:\/\/schoorpaysagiste.ch\/index.php?rest_route=\/wp\/v2\/pages\/12\/revisions"}],"predecessor-version":[{"id":169,"href":"https:\/\/schoorpaysagiste.ch\/index.php?rest_route=\/wp\/v2\/pages\/12\/revisions\/169"}],"wp:attachment":[{"href":"https:\/\/schoorpaysagiste.ch\/index.php?rest_route=%2Fwp%2Fv2%2Fmedia&parent=12"}],"curies":[{"name":"wp","href":"https:\/\/api.w.org\/{rel}","templated":true}]}}